{"id":1577,"date":"2026-03-30T13:49:35","date_gmt":"2026-03-30T13:49:35","guid":{"rendered":"https:\/\/parlamenter.com.tr\/?page_id=1577"},"modified":"2026-03-31T12:42:55","modified_gmt":"2026-03-31T12:42:55","slug":"parlamenter-dergisi","status":"publish","type":"page","link":"https:\/\/parlamenter.com.tr\/?page_id=1577","title":{"rendered":"PARLAMENTER DERG\u0130S\u0130"},"content":{"rendered":"\n<div class=\"wp-block-columns is-layout-flex wp-container-core-columns-is-layout-9d6595d7 wp-block-columns-is-layout-flex\">\n<div class=\"wp-block-column is-layout-flow wp-block-column-is-layout-flow\" style=\"flex-basis:100%\"><\/div>\n<\/div>\n\n\n\n<p>PARLAMENTER DERG\u0130S\u0130 \/ \u015eUBAT 2026<\/p>\n\n\n\n<div data-wp-interactive=\"core\/file\" class=\"wp-block-file alignwide\"><object data-wp-bind--hidden=\"!state.hasPdfPreview\" hidden class=\"wp-block-file__embed\" data=\"https:\/\/parlamenter.com.tr\/wp-content\/uploads\/2026\/03\/parlamenter-subat-2026.pdf\" type=\"application\/pdf\" style=\"width:100%;height:600px\" aria-label=\"parlamenter-subat-2026 g\u00f6m\u00fcs\u00fc.\"><\/object><a id=\"wp-block-file--media-f596123e-f140-44bc-8268-f47168b67641\" href=\"https:\/\/parlamenter.com.tr\/wp-content\/uploads\/2026\/03\/parlamenter-subat-2026.pdf\">parlamenter-subat-2026<\/a><a href=\"https:\/\/parlamenter.com.tr\/wp-content\/uploads\/2026\/03\/parlamenter-subat-2026.pdf\" class=\"wp-block-file__button wp-element-button\" download aria-describedby=\"wp-block-file--media-f596123e-f140-44bc-8268-f47168b67641\">\u0130ndir<\/a><\/div>\n\n\n\n<p><\/p>\n","protected":false},"excerpt":{"rendered":"<p>PARLAMENTER DERG\u0130S\u0130 \/ \u015eUBAT 2026<\/p>\n","protected":false},"author":1,"featured_media":0,"parent":0,"menu_order":0,"comment_status":"closed","ping_status":"closed","template":"","meta":{"footnotes":""},"class_list":["post-1577","page","type-page","status-publish","hentry"],"_links":{"self":[{"href":"https:\/\/parlamenter.com.tr\/index.php?rest_route=\/wp\/v2\/pages\/1577","targetHints":{"allow":["GET"]}}],"collection":[{"href":"https:\/\/parlamenter.com.tr\/index.php?rest_route=\/wp\/v2\/pages"}],"about":[{"href":"https:\/\/parlamenter.com.tr\/index.php?rest_route=\/wp\/v2\/types\/page"}],"author":[{"embeddable":true,"href":"https:\/\/parlamenter.com.tr\/index.php?rest_route=\/wp\/v2\/users\/1"}],"replies":[{"embeddable":true,"href":"https:\/\/parlamenter.com.tr\/index.php?rest_route=%2Fwp%2Fv2%2Fcomments&post=1577"}],"version-history":[{"count":3,"href":"https:\/\/parlamenter.com.tr\/index.php?rest_route=\/wp\/v2\/pages\/1577\/revisions"}],"predecessor-version":[{"id":1615,"href":"https:\/\/parlamenter.com.tr\/index.php?rest_route=\/wp\/v2\/pages\/1577\/revisions\/1615"}],"wp:attachment":[{"href":"https:\/\/parlamenter.com.tr\/index.php?rest_route=%2Fwp%2Fv2%2Fmedia&parent=1577"}],"curies":[{"name":"wp","href":"https:\/\/api.w.org\/{rel}","templated":true}]}}